{"id":1348,"date":"2019-02-06T00:32:56","date_gmt":"2019-02-05T23:32:56","guid":{"rendered":"https:\/\/www.hotelfloracomano.it\/?page_id=1348"},"modified":"2019-02-06T16:49:52","modified_gmt":"2019-02-06T15:49:52","slug":"e-bike","status":"publish","type":"page","link":"https:\/\/hotelfloracomano.it\/de\/e-bike\/","title":{"rendered":"E-bike"},"content":{"rendered":"<p>[vc_row][vc_column][vc_column_text]<\/p>\n<h2>NEWS 2019: E-Bike in Hotels in Comano Terme<br \/>\nUnser angebot f\u00fcr Fahrrad- und Dolomiten-Freunde<\/h2>\n<p>Im <strong>Vital Hotel Flora<\/strong> erwarten Sie <a href=\"#nota1\" name=\"nota\">4 neue und rumpelnde E-Bikes *<\/a>, die Sie als Werkzeug zur Erkundung der Wunder des Comano Terme-Territoriums der Dolomiten nutzen k\u00f6nnen. Lassen Sie sich von einem Serviceangebot \u00fcberraschen, das die renommiertesten Bikehotels nicht beneidet. Radeln Sie bequem zwischen den <strong>typischen D\u00fcften des Salus-Tals<\/strong> und den funkelnden Wiesenblumen, verbringen Sie Ihren Urlaub in Komfort und <strong>tauchen Sie sorglos in die reine Natur ein<\/strong>.<br \/>\nWir sind nah an vielen Radwegen mit unterschiedlichen Schwierigkeitsgraden und an den Routen der <strong>Dolomiti Paganella Bike-Rennstrecke<\/strong>, die von Mountainbikern, Freeridern, Downhillern, Langl\u00e4ufern und Rennr\u00e4dern geliebt werden. Das Angebot ist vielf\u00e4ltig. Dank des E-Bikes k\u00f6nnen Sie l\u00e4ngere Reisen in k\u00fcrzerer Zeit unternehmen und die St\u00e4dte Comano Terme sowie die Aussicht auf die Dolomiten genie\u00dfen.<\/p>\n<p>Der E-Bike-Verleih ist auf Anfrage und Bezahlung gem\u00e4\u00df folgender Preisliste m\u00f6glich:<\/p>\n<ul>\n<li>halber Tag: <strong>\u20ac 25<\/strong><\/li>\n<li>ganzer Tag: <strong>\u20ac 35<\/strong><\/li>\n<\/ul>\n<p>Aus organisatorischen Gr\u00fcnden und um jedem Gast die M\u00f6glichkeit zu geben, einzigartige Emotionen zu erleben, laden wir Sie ein, <strong>Ihre Erfahrung im Sattel rechtzeitig zu buchen<\/strong>.<\/p>\n<hr \/>\n<h2 style=\"color: #c94457;\">Wenn Sie Ihr Fahrrad nicht f\u00fcr den Urlaub verlassen, haben wir das, was Sie brauchen:<\/h2>\n<ul>\n<li>Sichere und \u00fcberdachte Unterstellm\u00f6glichkeiten f\u00fcr Fahrr\u00e4der.<\/li>\n<li>Fahrradwaschplatz.<\/li>\n<li>Werkstattecke mit Reparaturset (Kompressor, Koffer mit kleinem Wartungsset, Spr\u00fch\u00f6l).<\/li>\n<li>M\u00f6glichkeit zum Waschen von W\u00e4sche und Trocknen im Hotel. Der Service ist kostenlos f\u00fcr diejenigen, die ein Urlaubspaket f\u00fcr die Welt des Radsports buchen, f\u00fcr Nicht-Einwohner kostet es 15 \u20ac pro Person.<\/li>\n<li>M\u00f6glichkeit, das Sportpaket Lunch (bestehend aus 1 Energieriegel, 1 Obst, 1 gef\u00fclltem Sandwich und 0.5 Liter Wasser) f\u00fcr 10 \u20ac anzufordern.<\/li>\n<li>Informationen, Karten f\u00fcr Ausfl\u00fcge, Notrufnummern und Sehensw\u00fcrdigkeiten an der Rezeption.<\/li>\n<li>M\u00f6glichkeit, den Vital Hotel Flora Shuttle zu nutzen, um die beliebtesten Routen zu erreichen. Der Shuttle kann bis zu zwei Fahrr\u00e4der transportieren (Service auf Anfrage und gegen Geb\u00fchr).<\/li>\n<\/ul>\n<p>[\/vc_column_text][vc_media_grid gap=&#8220;0&#8243; item=&#8220;mediaGrid_ScaleInWithIcon&#8220; grid_id=&#8220;vc_gid:1549468160446-9b3a19cd-fee3-6&#8243; include=&#8220;1333,1332,1331,1330,1329,1328,1327,1326,1325,1324,1342,1341,1340,1339,1338&#8243; css=&#8220;.vc_custom_1529569396407{margin-top: 40px !important;}&#8220;][vc_column_text]<a name=\"nota1\"><\/a><\/p>\n<hr \/>\n<p>*Die auf der Website gezeigten E-Bike-Fotos sind nur ein Beispiel. Ihnen stehen Mono-gepolsterte Modelle zur Verf\u00fcgung. <a href=\"#nota\">Komm zur\u00fcck<\/a>[\/vc_column_text][\/vc_column][\/vc_row]<\/p>\n","protected":false},"excerpt":{"rendered":"<p>[vc_row][vc_column][vc_column_text] NEWS 2019: E-Bike in Hotels in Comano Terme Unser angebot f\u00fcr Fahrrad- und Dolomiten-Freunde Im Vital Hotel Flora erwarten Sie 4 neue und rumpelnde E-Bikes *, die Sie als Werkzeug zur Erkundung der Wunder des Comano Terme-Territoriums der Dolomiten nutzen k\u00f6nnen. Lassen Sie sich von einem Serviceangebot \u00fcberraschen, das die renommiertesten Bikehotels nicht beneidet.<\/p>\n","protected":false},"author":1,"featured_media":2481,"parent":0,"menu_order":0,"comment_status":"closed","ping_status":"closed","template":"","meta":[],"acf":[],"_links":{"self":[{"href":"https:\/\/hotelfloracomano.it\/de\/wp-json\/wp\/v2\/pages\/1348"}],"collection":[{"href":"https:\/\/hotelfloracomano.it\/de\/wp-json\/wp\/v2\/pages"}],"about":[{"href":"https:\/\/hotelfloracomano.it\/de\/wp-json\/wp\/v2\/types\/page"}],"author":[{"embeddable":true,"href":"https:\/\/hotelfloracomano.it\/de\/wp-json\/wp\/v2\/users\/1"}],"replies":[{"embeddable":true,"href":"https:\/\/hotelfloracomano.it\/de\/wp-json\/wp\/v2\/comments?post=1348"}],"version-history":[{"count":3,"href":"https:\/\/hotelfloracomano.it\/de\/wp-json\/wp\/v2\/pages\/1348\/revisions"}],"predecessor-version":[{"id":1357,"href":"https:\/\/hotelfloracomano.it\/de\/wp-json\/wp\/v2\/pages\/1348\/revisions\/1357"}],"wp:featuredmedia":[{"embeddable":true,"href":"https:\/\/hotelfloracomano.it\/de\/wp-json\/wp\/v2\/media\/2481"}],"wp:attachment":[{"href":"https:\/\/hotelfloracomano.it\/de\/wp-json\/wp\/v2\/media?parent=1348"}],"curies":[{"name":"wp","href":"https:\/\/api.w.org\/{rel}","templated":true}]}}