{"id":1559,"date":"2020-06-11T21:26:09","date_gmt":"2020-06-11T19:26:09","guid":{"rendered":"https:\/\/www.hotelfloracomano.it\/?page_id=1559"},"modified":"2021-11-05T15:37:34","modified_gmt":"2021-11-05T14:37:34","slug":"sicherer-urlaub","status":"publish","type":"page","link":"https:\/\/hotelfloracomano.it\/de\/sicherer-urlaub\/","title":{"rendered":"Sicherer Urlaub"},"content":{"rendered":"<p style=\"text-align: left;\">Um Sie \u00fcber die getroffenen Hygiene- und Sicherheitsma\u00dfnahmen zu informieren und Sie in Bezug auf die teilweise unseren Leistungen auf dem Laufenden zu halten, haben wir beschlossen, diese Seite zu erstellen. Seit Jahren k\u00fcmmern wir uns um Ihr Wohlbefinden, indem wir Ihnen maximale Entspannung bieten. Das wollen wir auch in den kommenden Monaten tun. Wir halten uns strikt an die Angaben in den nationalen und territorialen Protokollen und werden aus diesem Grund den Inhalt jedes Abschnitts Tag f\u00fcr Tag aktualisieren.<\/p>\n<p><strong>EINCHECKEN &amp; AUSCHECKEN<\/strong><\/p>\n<ul>\n<li>Wir bitten Sie, die <strong><em>Check-out-Zeit (bis 10:00 Uhr)<\/em><\/strong> einzuhalten, damit wir die Oberfl\u00e4chen der Zimmer und Suiten gem\u00e4\u00df den Protokollen reinigen, desinfizieren und desinfizieren k\u00f6nnen.<\/li>\n<li>Handgelspender auf Alkoholbasis wurden im Hotel eingerichtet. Zu Ihrer Verf\u00fcgung.<\/li>\n<\/ul>\n<p><strong><br \/>\nZIMMER UND SUITEN<\/strong><\/p>\n<ul>\n<li><strong><em>Tiefenreinigung und Desinfektion<\/em> <\/strong>von R\u00e4umen.<\/li>\n<li><strong><em>Courtesy Kit<\/em> <\/strong>mit H\u00e4ndedesinfektionsgel.<\/li>\n<li>Sie k\u00f6nnen verlangen, dass Sie w\u00e4hrend Ihres Urlaubs nicht t\u00e4glich das Zimmer reinigen und aufr\u00e4umen. Wir werden den W\u00e4schewechsel gem\u00e4\u00df Protokoll durchf\u00fchren.<strong><br \/>\n<\/strong><\/li>\n<\/ul>\n<p><strong><br \/>\nESSEN<\/strong><\/p>\n<ul>\n<li>Die <strong><em>gro\u00dfen R\u00e4ume des Restaurants<\/em><\/strong> sind regelm\u00e4\u00dfig aufgeteilt, so dass jeder Gast die Gerichte in v\u00f6lliger Entspannung genie\u00dfen kann.<\/li>\n<li>Es ist m\u00f6glich, einen <em><strong>Zimmerservice<\/strong><\/em> anzufordern (nur in einigen Zimmertypen). Der Service ist auf Anfrage und gegen Geb\u00fchr.<\/li>\n<li>Damit Sie wundervolle Tage im Freien verbringen k\u00f6nnen, k\u00f6nnen wir Ihre <strong><em>Lunchpakete<\/em> <\/strong>zusammenstellen. Service auf Anfrage und gegen Geb\u00fchr.<\/li>\n<li>Die <strong><em>Men\u00fcs<\/em><\/strong> k\u00f6nnen \u00fcber ein Mobilger\u00e4t abgerufen werden.<\/li>\n<\/ul>\n<p><strong><br \/>\nWELLNESS &amp; SPA<\/strong><\/p>\n<ul>\n<li>Wellnessanwendungen und <strong><em>Massagen<\/em> <\/strong>sind buchbar. Die Spa-Preisliste ist in digitalem Format verf\u00fcgbar.<\/li>\n<li><strong><em>Das Vital Spa<\/em><\/strong> ist t\u00e4glich ge\u00f6ffnet. <strong><em>Der Zugang ist nicht frei.<\/em><\/strong> Wir empfehlen Ihnen, Ihren Eintrittsslot zur Zeit der Buchung zu buchen, da nur wenige Personen gleichzeitig Zugang zum Vital Spa haben. <em>Der Gr\u00fcne Pass ist erforderlich<\/em>. Das t\u00fcrkische Bad ist geschlossen.<\/li>\n<li>Au\u00dfenpool ge\u00f6ffnet vom <strong>15. Juni bis 15. September<\/strong>. W\u00e4hrend der Sommersaison haben Sie keinen Zugang zum Au\u00dfenwhirlpool.<\/li>\n<\/ul>\n<p><strong><br \/>\nANDERE INFORMATIONEN<\/strong><\/p>\n<ul>\n<li>Das vom Hotel zur Verf\u00fcgung gestellte Papiermaterial ist streng pers\u00f6nlich.<\/li>\n<li>Es gibt einen<em><strong> Covid-19-Firmenkontakt<\/strong><\/em> im Hotel. Er erhielt eine Zertifizierung, die seine Teilnahme am Kurs 2020 und 2021 der Provincial Health Services Company UOPSAL und seine Ausbildung in Pr\u00e4vention best\u00e4tigt.<\/li>\n<li>Jeder Gast erh\u00e4lt die Territorialkarte der Trentino-G\u00e4stekarte. Die Aktualisierung der \u00fcber die Karte buchbaren Erfahrungen und Leistungen wird von der Tourismusf\u00f6rderungsgesellschaft (APT) durchgef\u00fchrt.<\/li>\n<\/ul>\n","protected":false},"excerpt":{"rendered":"<p>Um Sie \u00fcber die getroffenen Hygiene- und Sicherheitsma\u00dfnahmen zu informieren und Sie in Bezug auf die teilweise unseren Leistungen auf dem Laufenden zu halten, haben wir beschlossen, diese Seite zu erstellen. Seit Jahren k\u00fcmmern wir uns um Ihr Wohlbefinden, indem wir Ihnen maximale Entspannung bieten. Das wollen wir auch in den kommenden Monaten tun. Wir<\/p>\n","protected":false},"author":4,"featured_media":1522,"parent":0,"menu_order":0,"comment_status":"closed","ping_status":"closed","template":"","meta":[],"acf":[],"_links":{"self":[{"href":"https:\/\/hotelfloracomano.it\/de\/wp-json\/wp\/v2\/pages\/1559"}],"collection":[{"href":"https:\/\/hotelfloracomano.it\/de\/wp-json\/wp\/v2\/pages"}],"about":[{"href":"https:\/\/hotelfloracomano.it\/de\/wp-json\/wp\/v2\/types\/page"}],"author":[{"embeddable":true,"href":"https:\/\/hotelfloracomano.it\/de\/wp-json\/wp\/v2\/users\/4"}],"replies":[{"embeddable":true,"href":"https:\/\/hotelfloracomano.it\/de\/wp-json\/wp\/v2\/comments?post=1559"}],"version-history":[{"count":15,"href":"https:\/\/hotelfloracomano.it\/de\/wp-json\/wp\/v2\/pages\/1559\/revisions"}],"predecessor-version":[{"id":1704,"href":"https:\/\/hotelfloracomano.it\/de\/wp-json\/wp\/v2\/pages\/1559\/revisions\/1704"}],"wp:featuredmedia":[{"embeddable":true,"href":"https:\/\/hotelfloracomano.it\/de\/wp-json\/wp\/v2\/media\/1522"}],"wp:attachment":[{"href":"https:\/\/hotelfloracomano.it\/de\/wp-json\/wp\/v2\/media?parent=1559"}],"curies":[{"name":"wp","href":"https:\/\/api.w.org\/{rel}","templated":true}]}}