{"id":734,"date":"2018-03-15T15:18:24","date_gmt":"2018-03-15T14:18:24","guid":{"rendered":"https:\/\/www.hotelfloracomano.it\/informazioni-utili\/"},"modified":"2020-02-07T14:39:08","modified_gmt":"2020-02-07T13:39:08","slug":"nuetzliche-informationen","status":"publish","type":"page","link":"https:\/\/hotelfloracomano.it\/de\/nuetzliche-informationen\/","title":{"rendered":"N\u00dcTZLICHE INFORMATIONEN"},"content":{"rendered":"<p>[vc_row][vc_column][vc_column_text]<\/p>\n<h2>N\u00dcTZLICHE INFORMATIONEN<\/h2>\n<p>[\/vc_column_text][\/vc_column][vc_column width=&#8220;1\/3&#8243;][vc_column_text]<\/p>\n<p class=\"info\">Die Zimmer sind am Tag der Anreise ab 14 Uhr beziehbar und m\u00fcssen am Tag der Abreise um 10 Uhr ger\u00e4umt werden. Bei besonderen Bed\u00fcrfnissen bitten wir Sie, sich an die Rezeption zu wenden, wir werden Ihren W\u00fcnschen gerne entgegenkommen.<\/p>\n<p>[\/vc_column_text][\/vc_column][vc_column width=&#8220;1\/3&#8243;][vc_column_text]<\/p>\n<p class=\"info\">Hunde sind erlaubt (max. 15 kg). Sie haben keinen Zugang zur Bar, zum Restaurant, zum Wellness-Bereich mit Spa und zum Au\u00dfenschwimmbecken. Wir bitten Sie, sie an der Leine zu f\u00fchren. Die Kosten betragen 35 \u20ac (ohne Futter) pro Aufenthalt und sind aufgrund der Reinigung und Desinfektion der Zimmer und Suiten erforderlich.<\/p>\n<p>[\/vc_column_text][\/vc_column][vc_column width=&#8220;1\/3&#8243;][vc_column_text]<\/p>\n<p class=\"info\">Bitte beachten Sie, dass das Vital Hotel Flora ein Nichtraucherhotel ist. In den Zimmern und Suiten, im Restaurant, in der Bar und im Wellness-Bereich mit Spa ist das Rauchen strengstens verboten. Rauchen im Freien ist erlaubt. Unsere Vital-Philosophie empfiehlt einen gesunden Lebensstil.<\/p>\n<p>[\/vc_column_text][\/vc_column][\/vc_row][vc_row css=&#8220;.vc_custom_1521123969709{margin-top: 30px !important;margin-bottom: 30px !important;}&#8220;][vc_column width=&#8220;1\/3&#8243;][vc_column_text]<\/p>\n<p class=\"info\"><strong>ZUSCHL\u00c4GE UND ERM\u00c4SSIGUNGEN<\/strong><br \/>\nEinmaliger Zuschlag f\u00fcr Doppelzimmernutzung als Einzelzimmer: <strong>+10%<\/strong><br \/>\nKindererm\u00e4\u00dfigungen: 0-2,99 <strong>gratis<\/strong><br \/>\n3-7,99 <strong>50% di sconto<\/strong><br \/>\n8-11,99 <strong>30% di sconto<\/strong><br \/>\nErm\u00e4\u00dfigung drittes \/ viertes Bett: <strong>-10%<\/strong><\/p>\n<p>[\/vc_column_text][\/vc_column][vc_column width=&#8220;1\/3&#8243;][vc_single_image image=&#8220;252&#8243; img_size=&#8220;full&#8220; alignment=&#8220;center&#8220;][\/vc_column][vc_column width=&#8220;1\/3&#8243;][vc_column_text]<\/p>\n<p class=\"info\">Bei Ihrer Ankunft erhalten Sie die mit Ihrem Namen personalisierte Trentino Guest Card, mit der Sie mehr als 60 Museen, 20 Schl\u00f6sser und \u00fcber 40 Sehensw\u00fcrdigkeiten besuchen k\u00f6nnen. Au\u00dferdem k\u00f6nnen Sie problemlos mit den \u00f6ffentlichen Verkehrsmitteln im Trentino reisen und von Erm\u00e4\u00dfigungen bei verschiedenen Aktivit\u00e4ten in der Region profitieren.<br \/>\nGenie\u00dfen Sie einen Urlaub mit vielen Vorteilen! Die Karte ist f\u00fcr Erwachsene und Kinder g\u00fcltig und kann f\u00fcr die gesamte Dauer des Aufenthaltes genutzt werden.<\/p>\n<p>[\/vc_column_text][\/vc_column][\/vc_row][vc_row][vc_column][vc_column_text]<\/p>\n<p class=\"info\">Die Kurtaxe betr\u00e4gt 1,50 \u20ac pro Person und Nacht und f\u00fcr bis zu zehn aufeinander folgende \u00dcbernachtungen. Kinder unter 14 Jahren sind ausgenommen. Die Kurtaxe ist ein Zuschlag, der vor Ort bezahlt werden muss.<\/p>\n<p>[\/vc_column_text][\/vc_column][\/vc_row]<\/p>\n","protected":false},"excerpt":{"rendered":"<p>[vc_row][vc_column][vc_column_text] N\u00dcTZLICHE INFORMATIONEN [\/vc_column_text][\/vc_column][vc_column width=&#8220;1\/3&#8243;][vc_column_text] Die Zimmer sind am Tag der Anreise ab 14 Uhr beziehbar und m\u00fcssen am Tag der Abreise um 10 Uhr ger\u00e4umt werden. Bei besonderen Bed\u00fcrfnissen bitten wir Sie, sich an die Rezeption zu wenden, wir werden Ihren W\u00fcnschen gerne entgegenkommen. [\/vc_column_text][\/vc_column][vc_column width=&#8220;1\/3&#8243;][vc_column_text] Hunde sind erlaubt (max. 15 kg). Sie haben<\/p>\n","protected":false},"author":1,"featured_media":2463,"parent":0,"menu_order":0,"comment_status":"closed","ping_status":"closed","template":"","meta":[],"acf":[],"_links":{"self":[{"href":"https:\/\/hotelfloracomano.it\/de\/wp-json\/wp\/v2\/pages\/734"}],"collection":[{"href":"https:\/\/hotelfloracomano.it\/de\/wp-json\/wp\/v2\/pages"}],"about":[{"href":"https:\/\/hotelfloracomano.it\/de\/wp-json\/wp\/v2\/types\/page"}],"author":[{"embeddable":true,"href":"https:\/\/hotelfloracomano.it\/de\/wp-json\/wp\/v2\/users\/1"}],"replies":[{"embeddable":true,"href":"https:\/\/hotelfloracomano.it\/de\/wp-json\/wp\/v2\/comments?post=734"}],"version-history":[{"count":5,"href":"https:\/\/hotelfloracomano.it\/de\/wp-json\/wp\/v2\/pages\/734\/revisions"}],"predecessor-version":[{"id":1493,"href":"https:\/\/hotelfloracomano.it\/de\/wp-json\/wp\/v2\/pages\/734\/revisions\/1493"}],"wp:featuredmedia":[{"embeddable":true,"href":"https:\/\/hotelfloracomano.it\/de\/wp-json\/wp\/v2\/media\/2463"}],"wp:attachment":[{"href":"https:\/\/hotelfloracomano.it\/de\/wp-json\/wp\/v2\/media?parent=734"}],"curies":[{"name":"wp","href":"https:\/\/api.w.org\/{rel}","templated":true}]}}