{"id":741,"date":"2018-03-15T17:37:30","date_gmt":"2018-03-15T16:37:30","guid":{"rendered":"https:\/\/www.hotelfloracomano.it\/ristorante\/"},"modified":"2020-02-07T15:12:35","modified_gmt":"2020-02-07T14:12:35","slug":"restaurant","status":"publish","type":"page","link":"https:\/\/hotelfloracomano.it\/de\/restaurant\/","title":{"rendered":"RESTAURANT"},"content":{"rendered":"<p>[vc_row][vc_column][vc_column_text]<\/p>\n<h2>EIN RESTAURANT, DAS INNOVATIVE UND GLEICHZEITIG GESUNDE K\u00dcCHE BIETET: IN COMANO THERME WIRD WELLNESS AM TISCH SERVIERT<\/h2>\n<p>M\u00f6chten Sie im Urlaub neue Gerichte ausprobieren? Genie\u00dfen Sie unser Vital-Men\u00fc, das eine Loblied an die Aromen und D\u00fcfte des Trentino darstellt und Ihnen die M\u00f6glichkeit bietet, die geheimen Zutaten kennenzulernen.<\/p>\n<p>Vom Vital-Buffet, das von den G\u00e4sten besonders gesch\u00e4tzt wird und w\u00e4hrend der Saison im Garten serviert wird, bis hin zu den Hauptgerichten mit lokalen Produkten wie die Ciuiga von San Lorenzo in Banale, einem Slow-Food-Produkt, Kartoffeln von Lomaso und Gem\u00fcse aus dem Garten des K\u00fcchenchefs. In unserem Restaurant in Comano Terme k\u00f6nnen Sie eine spektakul\u00e4re gastronomische Exkursion unternehmen.<\/p>\n<p>Es ist die ideale Location f\u00fcr besondere Anl\u00e4sse, denn dank der gro\u00dfen R\u00e4umlichkeiten, die zur Verf\u00fcgung stehen, werden Hochzeiten, Firmungen und alle sonstigen Feiern zu einem unvergessliches Ereignis.<\/p>\n<p>Bitte kontaktieren Sie uns f\u00fcr eine pers\u00f6nliche Beratung entsprechend Ihrer Bed\u00fcrfnisse.[\/vc_column_text][vc_media_grid gap=&#8220;0&#8243; item=&#8220;mediaGrid_ScaleInWithIcon&#8220; grid_id=&#8220;vc_gid:1581084726897-1debc2a0-c2ad-2&#8243; include=&#8220;1026,1031,1028,1029,1033,1027&#8243; css=&#8220;.vc_custom_1581084752693{margin-top: 40px !important;}&#8220;][\/vc_column][\/vc_row]<\/p>\n","protected":false},"excerpt":{"rendered":"<p>[vc_row][vc_column][vc_column_text] EIN RESTAURANT, DAS INNOVATIVE UND GLEICHZEITIG GESUNDE K\u00dcCHE BIETET: IN COMANO THERME WIRD WELLNESS AM TISCH SERVIERT M\u00f6chten Sie im Urlaub neue Gerichte ausprobieren? Genie\u00dfen Sie unser Vital-Men\u00fc, das eine Loblied an die Aromen und D\u00fcfte des Trentino darstellt und Ihnen die M\u00f6glichkeit bietet, die geheimen Zutaten kennenzulernen. Vom Vital-Buffet, das von den G\u00e4sten<\/p>\n","protected":false},"author":1,"featured_media":2319,"parent":0,"menu_order":0,"comment_status":"closed","ping_status":"closed","template":"","meta":[],"acf":[],"_links":{"self":[{"href":"https:\/\/hotelfloracomano.it\/de\/wp-json\/wp\/v2\/pages\/741"}],"collection":[{"href":"https:\/\/hotelfloracomano.it\/de\/wp-json\/wp\/v2\/pages"}],"about":[{"href":"https:\/\/hotelfloracomano.it\/de\/wp-json\/wp\/v2\/types\/page"}],"author":[{"embeddable":true,"href":"https:\/\/hotelfloracomano.it\/de\/wp-json\/wp\/v2\/users\/1"}],"replies":[{"embeddable":true,"href":"https:\/\/hotelfloracomano.it\/de\/wp-json\/wp\/v2\/comments?post=741"}],"version-history":[{"count":3,"href":"https:\/\/hotelfloracomano.it\/de\/wp-json\/wp\/v2\/pages\/741\/revisions"}],"predecessor-version":[{"id":1501,"href":"https:\/\/hotelfloracomano.it\/de\/wp-json\/wp\/v2\/pages\/741\/revisions\/1501"}],"wp:featuredmedia":[{"embeddable":true,"href":"https:\/\/hotelfloracomano.it\/de\/wp-json\/wp\/v2\/media\/2319"}],"wp:attachment":[{"href":"https:\/\/hotelfloracomano.it\/de\/wp-json\/wp\/v2\/media?parent=741"}],"curies":[{"name":"wp","href":"https:\/\/api.w.org\/{rel}","templated":true}]}}