{"id":743,"date":"2018-03-20T16:46:00","date_gmt":"2018-03-20T15:46:00","guid":{"rendered":"https:\/\/www.hotelfloracomano.it\/vital-bar\/"},"modified":"2018-06-25T18:01:32","modified_gmt":"2018-06-25T16:01:32","slug":"vital-bar","status":"publish","type":"page","link":"https:\/\/hotelfloracomano.it\/de\/vital-bar\/","title":{"rendered":"Vital Bar"},"content":{"rendered":"<p>[vc_row][vc_column][vc_column_text el_class=&#8220;vhf-dati&#8220;]<\/p>\n<h2>AN DER VITAL-BAR SERVIEREN WIR IHNEN NICHT NUR KAFFEE, SONDERN AUCH ABSOLUT ERHOLSAME PAUSEN<\/h2>\n<p>G\u00f6nnen Sie sich eine Wohlf\u00fchlpause im Laufe des Urlaubstages und folgen Sie den nat\u00fcrlichen Rhythmen.<\/p>\n<p>In unserer Bar finden Sie nicht nur Erfrischungsgetr\u00e4nke und sorgf\u00e4ltig zubereitete Drinks, sondern auch alkoholfreie Aperitifs mit kalorienarmen Extras und frischen Fruchtextrakten.<\/p>\n<p>Mit den zentrifugierten Gem\u00fcses\u00e4ften k\u00f6nnen Sie Vitamine und Mineralien auftanken \u2013 den unentbehrlichen Treibstoff f\u00fcr lange Tage an der frischen Luft.[\/vc_column_text][vc_media_grid gap=&#8220;0&#8243; grid_id=&#8220;vc_gid:1529942458144-aa4d4779-7d71-10&#8243; include=&#8220;1095,1094,1092,1091,1090,1103&#8243;][\/vc_column][\/vc_row]<\/p>\n","protected":false},"excerpt":{"rendered":"<p>[vc_row][vc_column][vc_column_text el_class=&#8220;vhf-dati&#8220;] AN DER VITAL-BAR SERVIEREN WIR IHNEN NICHT NUR KAFFEE, SONDERN AUCH ABSOLUT ERHOLSAME PAUSEN G\u00f6nnen Sie sich eine Wohlf\u00fchlpause im Laufe des Urlaubstages und folgen Sie den nat\u00fcrlichen Rhythmen. In unserer Bar finden Sie nicht nur Erfrischungsgetr\u00e4nke und sorgf\u00e4ltig zubereitete Drinks, sondern auch alkoholfreie Aperitifs mit kalorienarmen Extras und frischen Fruchtextrakten. Mit den<\/p>\n","protected":false},"author":1,"featured_media":1103,"parent":0,"menu_order":0,"comment_status":"closed","ping_status":"closed","template":"","meta":[],"acf":[],"_links":{"self":[{"href":"https:\/\/hotelfloracomano.it\/de\/wp-json\/wp\/v2\/pages\/743"}],"collection":[{"href":"https:\/\/hotelfloracomano.it\/de\/wp-json\/wp\/v2\/pages"}],"about":[{"href":"https:\/\/hotelfloracomano.it\/de\/wp-json\/wp\/v2\/types\/page"}],"author":[{"embeddable":true,"href":"https:\/\/hotelfloracomano.it\/de\/wp-json\/wp\/v2\/users\/1"}],"replies":[{"embeddable":true,"href":"https:\/\/hotelfloracomano.it\/de\/wp-json\/wp\/v2\/comments?post=743"}],"version-history":[{"count":3,"href":"https:\/\/hotelfloracomano.it\/de\/wp-json\/wp\/v2\/pages\/743\/revisions"}],"predecessor-version":[{"id":1135,"href":"https:\/\/hotelfloracomano.it\/de\/wp-json\/wp\/v2\/pages\/743\/revisions\/1135"}],"wp:featuredmedia":[{"embeddable":true,"href":"https:\/\/hotelfloracomano.it\/de\/wp-json\/wp\/v2\/media\/1103"}],"wp:attachment":[{"href":"https:\/\/hotelfloracomano.it\/de\/wp-json\/wp\/v2\/media?parent=743"}],"curies":[{"name":"wp","href":"https:\/\/api.w.org\/{rel}","templated":true}]}}