{"id":746,"date":"2018-03-20T16:52:27","date_gmt":"2018-03-20T15:52:27","guid":{"rendered":"https:\/\/www.hotelfloracomano.it\/carta-vini\/"},"modified":"2018-04-23T08:47:35","modified_gmt":"2018-04-23T06:47:35","slug":"weinkarte","status":"publish","type":"page","link":"https:\/\/hotelfloracomano.it\/de\/weinkarte\/","title":{"rendered":"WEINKARTE"},"content":{"rendered":"<p>[vc_row][vc_column][vc_column_text el_class=&#8220;vhf-dati&#8220;]<\/p>\n<h2>EIN AUSGEZEICHNETES GLAS WEIN UNTERSTREICHT DEN GESCHMACK DER SPEISEN UND TR\u00c4GT ZUM WOHLBEFINDEN BEI<\/h2>\n<p>Zu unserer Vital-Welt geh\u00f6ren verschiedene Weine, die zur Exzellenz auf territorialer, regionaler und nationaler Ebene gez\u00e4hlt werden.<\/p>\n<p>Man bedenke nur, dass ganz in der N\u00e4he von Comano Terme ber\u00fchmte Rebsorten wie Nosiola, Teroldego, Merlot und der liebliche Vin Santo (Slow-Food-Produkt) angebaut werden.<\/p>\n<p>Unsere Kellnerinnen und Kellner beraten Sie gerne, wie Sie Ihre Speisen perfekt aufeinander abstimmen k\u00f6nnen. Lassen Sie sich verzaubern von den Einzigartigkeiten der Produkte.<\/p>\n<p>Gerne organisieren wir im Laufe des Jahres Verkostungen, die die au\u00dfergew\u00f6hnlichen Charakteristiken von Wein, Spirituosen und einheimischem Grappa hervorheben und versuchen, Kenntnisse \u00fcber Speisen und Weine zu vermitteln.[\/vc_column_text][\/vc_column][\/vc_row]<\/p>\n","protected":false},"excerpt":{"rendered":"<p>[vc_row][vc_column][vc_column_text el_class=&#8220;vhf-dati&#8220;] EIN AUSGEZEICHNETES GLAS WEIN UNTERSTREICHT DEN GESCHMACK DER SPEISEN UND TR\u00c4GT ZUM WOHLBEFINDEN BEI Zu unserer Vital-Welt geh\u00f6ren verschiedene Weine, die zur Exzellenz auf territorialer, regionaler und nationaler Ebene gez\u00e4hlt werden. Man bedenke nur, dass ganz in der N\u00e4he von Comano Terme ber\u00fchmte Rebsorten wie Nosiola, Teroldego, Merlot und der liebliche Vin Santo<\/p>\n","protected":false},"author":1,"featured_media":705,"parent":0,"menu_order":0,"comment_status":"closed","ping_status":"closed","template":"","meta":[],"acf":[],"_links":{"self":[{"href":"https:\/\/hotelfloracomano.it\/de\/wp-json\/wp\/v2\/pages\/746"}],"collection":[{"href":"https:\/\/hotelfloracomano.it\/de\/wp-json\/wp\/v2\/pages"}],"about":[{"href":"https:\/\/hotelfloracomano.it\/de\/wp-json\/wp\/v2\/types\/page"}],"author":[{"embeddable":true,"href":"https:\/\/hotelfloracomano.it\/de\/wp-json\/wp\/v2\/users\/1"}],"replies":[{"embeddable":true,"href":"https:\/\/hotelfloracomano.it\/de\/wp-json\/wp\/v2\/comments?post=746"}],"version-history":[{"count":1,"href":"https:\/\/hotelfloracomano.it\/de\/wp-json\/wp\/v2\/pages\/746\/revisions"}],"predecessor-version":[{"id":747,"href":"https:\/\/hotelfloracomano.it\/de\/wp-json\/wp\/v2\/pages\/746\/revisions\/747"}],"wp:featuredmedia":[{"embeddable":true,"href":"https:\/\/hotelfloracomano.it\/de\/wp-json\/wp\/v2\/media\/705"}],"wp:attachment":[{"href":"https:\/\/hotelfloracomano.it\/de\/wp-json\/wp\/v2\/media?parent=746"}],"curies":[{"name":"wp","href":"https:\/\/api.w.org\/{rel}","templated":true}]}}