{"id":748,"date":"2018-03-16T00:08:11","date_gmt":"2018-03-15T23:08:11","guid":{"rendered":"https:\/\/www.hotelfloracomano.it\/spa\/"},"modified":"2024-01-03T16:10:05","modified_gmt":"2024-01-03T15:10:05","slug":"spa","status":"publish","type":"page","link":"https:\/\/hotelfloracomano.it\/de\/spa\/","title":{"rendered":"SPA"},"content":{"rendered":"<p>[vc_row][vc_column][vc_column_text]<\/p>\n<h2>IN COMANO TERME ERWARTET SIE EIN WELLNESS-BEREICH MIT AUSSENPOOL MITTEN IM GR\u00dcNEN<\/h2>\n<p style=\"text-align: center;\">Wenn es um Gesundheit, Wohlbefinden und Natur geht, kommt man an den Vorteilen f\u00fcr K\u00f6rper und Geist nicht vorbei, die von der finnischen Sauna und anderen, der Wellness gewidmeten Einrichtungen ausgehen.<\/p>\n<p style=\"text-align: center;\">Unser Vital-Spa verf\u00fcgt \u00fcber ein t\u00fcrkisches Bad, einen auf 36 \u00b0C beheizten Innen-Whirlpool, eine Emotionsdusche mit Farbtherapie, Kaltnebel, Tropenregen und einen Entspannungsbereich mit Tee-Ecke, wo Ihnen saisonale Fr\u00fcchte und entspannende, biologische Aufg\u00fcsse zur Verf\u00fcgung stehen.<\/p>\n<p style=\"text-align: center;\">Der Wellness-Bereich ist mit dem gro\u00dfen Au\u00dfenschwimmbecken mit Whirlpool in ruhiger Lage verbunden, nur wenige Schritte vom Ortskern von Comano Terme entfernt.<\/p>\n<p>[\/vc_column_text][vc_media_grid gap=&#8220;0&#8243; item=&#8220;mediaGrid_ScaleInWithIcon&#8220; grid_id=&#8220;vc_gid:1530024607452-720fa14a-735b-6&#8243; include=&#8220;1122,2423,2357,2427,2363,2361,2373,2425,2359&#8243; css=&#8220;.vc_custom_1530024624556{margin-top: 40px !important;}&#8220;][\/vc_column][\/vc_row]<\/p>\n","protected":false},"excerpt":{"rendered":"<p>[vc_row][vc_column][vc_column_text] IN COMANO TERME ERWARTET SIE EIN WELLNESS-BEREICH MIT AUSSENPOOL MITTEN IM GR\u00dcNEN Wenn es um Gesundheit, Wohlbefinden und Natur geht, kommt man an den Vorteilen f\u00fcr K\u00f6rper und Geist nicht vorbei, die von der finnischen Sauna und anderen, der Wellness gewidmeten Einrichtungen ausgehen. Unser Vital-Spa verf\u00fcgt \u00fcber ein t\u00fcrkisches Bad, einen auf 36 \u00b0C<\/p>\n","protected":false},"author":1,"featured_media":2714,"parent":0,"menu_order":0,"comment_status":"closed","ping_status":"closed","template":"","meta":[],"acf":[],"_links":{"self":[{"href":"https:\/\/hotelfloracomano.it\/de\/wp-json\/wp\/v2\/pages\/748"}],"collection":[{"href":"https:\/\/hotelfloracomano.it\/de\/wp-json\/wp\/v2\/pages"}],"about":[{"href":"https:\/\/hotelfloracomano.it\/de\/wp-json\/wp\/v2\/types\/page"}],"author":[{"embeddable":true,"href":"https:\/\/hotelfloracomano.it\/de\/wp-json\/wp\/v2\/users\/1"}],"replies":[{"embeddable":true,"href":"https:\/\/hotelfloracomano.it\/de\/wp-json\/wp\/v2\/comments?post=748"}],"version-history":[{"count":4,"href":"https:\/\/hotelfloracomano.it\/de\/wp-json\/wp\/v2\/pages\/748\/revisions"}],"predecessor-version":[{"id":2686,"href":"https:\/\/hotelfloracomano.it\/de\/wp-json\/wp\/v2\/pages\/748\/revisions\/2686"}],"wp:featuredmedia":[{"embeddable":true,"href":"https:\/\/hotelfloracomano.it\/de\/wp-json\/wp\/v2\/media\/2714"}],"wp:attachment":[{"href":"https:\/\/hotelfloracomano.it\/de\/wp-json\/wp\/v2\/media?parent=748"}],"curies":[{"name":"wp","href":"https:\/\/api.w.org\/{rel}","templated":true}]}}