{"id":750,"date":"2018-03-20T16:57:40","date_gmt":"2018-03-20T15:57:40","guid":{"rendered":"https:\/\/www.hotelfloracomano.it\/massaggi-e-trattamenti\/"},"modified":"2018-04-23T08:56:26","modified_gmt":"2018-04-23T06:56:26","slug":"massagen-und-anwendungen","status":"publish","type":"page","link":"https:\/\/hotelfloracomano.it\/de\/massagen-und-anwendungen\/","title":{"rendered":"MASSAGEN UND ANWENDUNGEN"},"content":{"rendered":"<p>[vc_row][vc_column][vc_column_text]<\/p>\n<h2>WAS K\u00d6NNTE ES SCH\u00d6NERES GEBEN, ALS EINEN URLAUB IM ZEICHEN ENTSPANNENDER VITAL-BEHANDLUNGEN? \u00dcBERHAUPT NICHTS<\/h2>\n<p style=\"text-align: center;\">Wir laden Sie ein, das vielf\u00e4ltige Angebot an Spa-Behandlungen in unserem Wellness-Bereich mit Massagekabine zu entdecken.<\/p>\n<p style=\"text-align: center;\">Die fachkundige Beratung unseres professionellen und qualifizierten Teams wird Ihnen helfen, eine Pause in purem Relaxing zu machen, nur wenige Schritte von den Brentner Dolomiten entfernt und in einer Oase der Entspannung mitten im Gr\u00fcnen.<\/p>\n<p style=\"text-align: center;\">Wir haben f\u00fcr Sie eine Palette von Wellness-Ritualen ausgew\u00e4hlt, mit denen Sie Ihren K\u00f6rper verw\u00f6hnen und Ihren Geist regenerieren k\u00f6nnen.<\/p>\n<p style=\"text-align: center;\">W\u00e4hlen Sie das, was auf Ihre W\u00fcnsche zugeschnitten ist.<\/p>\n<p>[\/vc_column_text][\/vc_column][\/vc_row]<\/p>\n","protected":false},"excerpt":{"rendered":"<p>[vc_row][vc_column][vc_column_text] WAS K\u00d6NNTE ES SCH\u00d6NERES GEBEN, ALS EINEN URLAUB IM ZEICHEN ENTSPANNENDER VITAL-BEHANDLUNGEN? \u00dcBERHAUPT NICHTS Wir laden Sie ein, das vielf\u00e4ltige Angebot an Spa-Behandlungen in unserem Wellness-Bereich mit Massagekabine zu entdecken. Die fachkundige Beratung unseres professionellen und qualifizierten Teams wird Ihnen helfen, eine Pause in purem Relaxing zu machen, nur wenige Schritte von den Brentner<\/p>\n","protected":false},"author":1,"featured_media":710,"parent":0,"menu_order":0,"comment_status":"closed","ping_status":"closed","template":"","meta":[],"acf":[],"_links":{"self":[{"href":"https:\/\/hotelfloracomano.it\/de\/wp-json\/wp\/v2\/pages\/750"}],"collection":[{"href":"https:\/\/hotelfloracomano.it\/de\/wp-json\/wp\/v2\/pages"}],"about":[{"href":"https:\/\/hotelfloracomano.it\/de\/wp-json\/wp\/v2\/types\/page"}],"author":[{"embeddable":true,"href":"https:\/\/hotelfloracomano.it\/de\/wp-json\/wp\/v2\/users\/1"}],"replies":[{"embeddable":true,"href":"https:\/\/hotelfloracomano.it\/de\/wp-json\/wp\/v2\/comments?post=750"}],"version-history":[{"count":1,"href":"https:\/\/hotelfloracomano.it\/de\/wp-json\/wp\/v2\/pages\/750\/revisions"}],"predecessor-version":[{"id":751,"href":"https:\/\/hotelfloracomano.it\/de\/wp-json\/wp\/v2\/pages\/750\/revisions\/751"}],"wp:featuredmedia":[{"embeddable":true,"href":"https:\/\/hotelfloracomano.it\/de\/wp-json\/wp\/v2\/media\/710"}],"wp:attachment":[{"href":"https:\/\/hotelfloracomano.it\/de\/wp-json\/wp\/v2\/media?parent=750"}],"curies":[{"name":"wp","href":"https:\/\/api.w.org\/{rel}","templated":true}]}}