{"id":752,"date":"2018-03-15T17:56:28","date_gmt":"2018-03-15T16:56:28","guid":{"rendered":"https:\/\/www.hotelfloracomano.it\/relax\/"},"modified":"2018-04-26T16:21:56","modified_gmt":"2018-04-26T14:21:56","slug":"relaxing","status":"publish","type":"page","link":"https:\/\/hotelfloracomano.it\/de\/relaxing\/","title":{"rendered":"Relaxing"},"content":{"rendered":"<p>[vc_row][vc_column][vc_column_text]<\/p>\n<h2>UNSERE LOCATION IST EIN SYNONYM F\u00dcR RELAXING: DAS VITAL HOTEL FLORA IST NUR EIN PAAR SCHRITTE VON DEN BER\u00dcHMTESTEN THERMALB\u00c4DERN DES TRENTINO ENTFERNT<\/h2>\n<p style=\"text-align: center;\">F\u00fcr uns und unsere G\u00e4ste ist jeder Tag etwas Besonderes.<\/p>\n<p style=\"text-align: center;\">Sie erwachen morgens inmitten der Natur des Valle Salus, nur wenige Schritte von der Ortschaft Comano Terme entfernt im Schutz der Brentner Dolomiten. Eine leichte Brise vom Gardasee, der nur wenige Kilometer entfernt ist, streift sanft \u00fcber Sie: Dieser Traum wird wahr im Vital Hotel Flora.<\/p>\n<p style=\"text-align: center;\">Friedliche Ruhe, Stille und Gelassenheit sind die wesentlichen Bestandteile eines erholsamen Urlaubs und sie charakterisieren die Ressourcen der Umgebung, in denen sich der Kurort befindet.<\/p>\n<p style=\"text-align: center;\">Sie k\u00f6nnen sich in unserem Wellness-Bereich mit Spa und im Garten am gro\u00dfen Au\u00dfenschwimmbecken erholen oder auf Wunsch mit dem Fahrrad den Ortskern erreichen oder Sie nehmen eine Nordic-Walking-Ausr\u00fcstung in Anspruch, die wir unseren Kunden gerne zur Verf\u00fcgung stellen.<\/p>\n<p style=\"text-align: center;\"><strong>Genie\u00dfen Sie diesen Vital-Urlaub in vollen Z\u00fcgen!<\/strong><\/p>\n<p>[\/vc_column_text][vc_media_grid gap=&#8220;0&#8243; item=&#8220;mediaGrid_ScaleInWithIcon&#8220; grid_id=&#8220;vc_gid:1524472239105-cc92ac3f-3ba2-7&#8243; include=&#8220;464,465,466,467,468,469&#8243; css=&#8220;.vc_custom_1521586754156{margin-top: 40px !important;}&#8220;][\/vc_column][\/vc_row]<\/p>\n","protected":false},"excerpt":{"rendered":"<p>[vc_row][vc_column][vc_column_text] UNSERE LOCATION IST EIN SYNONYM F\u00dcR RELAXING: DAS VITAL HOTEL FLORA IST NUR EIN PAAR SCHRITTE VON DEN BER\u00dcHMTESTEN THERMALB\u00c4DERN DES TRENTINO ENTFERNT F\u00fcr uns und unsere G\u00e4ste ist jeder Tag etwas Besonderes. Sie erwachen morgens inmitten der Natur des Valle Salus, nur wenige Schritte von der Ortschaft Comano Terme entfernt im Schutz der<\/p>\n","protected":false},"author":1,"featured_media":715,"parent":0,"menu_order":0,"comment_status":"closed","ping_status":"closed","template":"","meta":[],"acf":[],"_links":{"self":[{"href":"https:\/\/hotelfloracomano.it\/de\/wp-json\/wp\/v2\/pages\/752"}],"collection":[{"href":"https:\/\/hotelfloracomano.it\/de\/wp-json\/wp\/v2\/pages"}],"about":[{"href":"https:\/\/hotelfloracomano.it\/de\/wp-json\/wp\/v2\/types\/page"}],"author":[{"embeddable":true,"href":"https:\/\/hotelfloracomano.it\/de\/wp-json\/wp\/v2\/users\/1"}],"replies":[{"embeddable":true,"href":"https:\/\/hotelfloracomano.it\/de\/wp-json\/wp\/v2\/comments?post=752"}],"version-history":[{"count":1,"href":"https:\/\/hotelfloracomano.it\/de\/wp-json\/wp\/v2\/pages\/752\/revisions"}],"predecessor-version":[{"id":753,"href":"https:\/\/hotelfloracomano.it\/de\/wp-json\/wp\/v2\/pages\/752\/revisions\/753"}],"wp:featuredmedia":[{"embeddable":true,"href":"https:\/\/hotelfloracomano.it\/de\/wp-json\/wp\/v2\/media\/715"}],"wp:attachment":[{"href":"https:\/\/hotelfloracomano.it\/de\/wp-json\/wp\/v2\/media?parent=752"}],"curies":[{"name":"wp","href":"https:\/\/api.w.org\/{rel}","templated":true}]}}