{"id":754,"date":"2018-03-16T00:44:43","date_gmt":"2018-03-15T23:44:43","guid":{"rendered":"https:\/\/www.hotelfloracomano.it\/giardino-con-piscina\/"},"modified":"2020-02-07T15:18:55","modified_gmt":"2020-02-07T14:18:55","slug":"garten-mit-schwimmbecken","status":"publish","type":"page","link":"https:\/\/hotelfloracomano.it\/de\/garten-mit-schwimmbecken\/","title":{"rendered":"GARTEN MIT SCHWIMMBECKEN"},"content":{"rendered":"<p>[vc_row][vc_column][vc_column_text]<\/p>\n<h2>EIN ERFRISCHENDES BAD UNTER FREIEM HIMMEL NEHMEN, IN DIE ENTSPANNUNG EINTAUCHEN IM GARTEN EINES VITAL-HOTELS IN COMANO-THERME<\/h2>\n<p style=\"text-align: center;\">G\u00f6nnen Sie sich in der sch\u00f6nsten Jahreszeit Momente des Wohlbefindens in unserem \u00fcppigen Garten, der unser ganzer Stolz ist.<\/p>\n<p style=\"text-align: center;\">Ger\u00e4umige Fl\u00e4chen f\u00fcr alle Bed\u00fcrfnisse: Kinder k\u00f6nnen sich auf dem Spielplatz vergn\u00fcgen, w\u00e4hrend sich die Eltern mit einem guten Buch auf den Sonnenliegen entspannen.<\/p>\n<p style=\"text-align: center;\">Wer Aktivit\u00e4t bevorzugt, dem steht der gro\u00dfe Swimmingpool des Hotels zur Verf\u00fcgung, wo er die reine Luft von Comano Terme genie\u00dfen kann.<\/p>\n<p>[\/vc_column_text][vc_media_grid gap=&#8220;0&#8243; item=&#8220;mediaGrid_ScaleInWithIcon&#8220; grid_id=&#8220;vc_gid:1581085115229-61ad7b8a-7d54-10&#8243; include=&#8220;1075,1074,1073,1072,1071,1068,1136,1138,1137&#8243; css=&#8220;.vc_custom_1581085129969{margin-top: 40px !important;}&#8220;][\/vc_column][\/vc_row]<\/p>\n","protected":false},"excerpt":{"rendered":"<p>[vc_row][vc_column][vc_column_text] EIN ERFRISCHENDES BAD UNTER FREIEM HIMMEL NEHMEN, IN DIE ENTSPANNUNG EINTAUCHEN IM GARTEN EINES VITAL-HOTELS IN COMANO-THERME G\u00f6nnen Sie sich in der sch\u00f6nsten Jahreszeit Momente des Wohlbefindens in unserem \u00fcppigen Garten, der unser ganzer Stolz ist. Ger\u00e4umige Fl\u00e4chen f\u00fcr alle Bed\u00fcrfnisse: Kinder k\u00f6nnen sich auf dem Spielplatz vergn\u00fcgen, w\u00e4hrend sich die Eltern mit einem<\/p>\n","protected":false},"author":1,"featured_media":1071,"parent":0,"menu_order":0,"comment_status":"closed","ping_status":"closed","template":"","meta":[],"acf":[],"_links":{"self":[{"href":"https:\/\/hotelfloracomano.it\/de\/wp-json\/wp\/v2\/pages\/754"}],"collection":[{"href":"https:\/\/hotelfloracomano.it\/de\/wp-json\/wp\/v2\/pages"}],"about":[{"href":"https:\/\/hotelfloracomano.it\/de\/wp-json\/wp\/v2\/types\/page"}],"author":[{"embeddable":true,"href":"https:\/\/hotelfloracomano.it\/de\/wp-json\/wp\/v2\/users\/1"}],"replies":[{"embeddable":true,"href":"https:\/\/hotelfloracomano.it\/de\/wp-json\/wp\/v2\/comments?post=754"}],"version-history":[{"count":4,"href":"https:\/\/hotelfloracomano.it\/de\/wp-json\/wp\/v2\/pages\/754\/revisions"}],"predecessor-version":[{"id":1504,"href":"https:\/\/hotelfloracomano.it\/de\/wp-json\/wp\/v2\/pages\/754\/revisions\/1504"}],"wp:featuredmedia":[{"embeddable":true,"href":"https:\/\/hotelfloracomano.it\/de\/wp-json\/wp\/v2\/media\/1071"}],"wp:attachment":[{"href":"https:\/\/hotelfloracomano.it\/de\/wp-json\/wp\/v2\/media?parent=754"}],"curies":[{"name":"wp","href":"https:\/\/api.w.org\/{rel}","templated":true}]}}