{"id":757,"date":"2018-03-15T18:07:10","date_gmt":"2018-03-15T17:07:10","guid":{"rendered":"https:\/\/www.hotelfloracomano.it\/bike\/"},"modified":"2018-06-26T16:54:46","modified_gmt":"2018-06-26T14:54:46","slug":"radsport","status":"publish","type":"page","link":"https:\/\/hotelfloracomano.it\/de\/radsport\/","title":{"rendered":"RADSPORT"},"content":{"rendered":"<p>[vc_row][vc_column][vc_column_text]<\/p>\n<h2>WILLKOMMEN IN DEN DOLOMITEN: EIN PARADIES F\u00dcR RADSPORTLER! STEIGEN SIE IN DIE PEDALE IHRES MOUNTAINBIKES UND FOLGEN SIE DEN ROUTEN<\/h2>\n<p style=\"text-align: center;\">Das Vital Hotel Flora ist das perfekte Ziel f\u00fcr Ihren Radsporturlaub im Trentino.<\/p>\n<p style=\"text-align: center;\">Jeden Tag k\u00f6nnen Sie eine andere Strecke nehmen und bei jeder Fahrt die umliegende Landschaft genie\u00dfen.<\/p>\n<p style=\"text-align: center;\">Von der T\u00fcr unseres Hotels aus erreichen Sie die Brentner Dolomiten, den Gardasee und die faszinierendsten Orte des Naturparks Adamello-Brenta.<\/p>\n<p style=\"text-align: center;\">Radwege, Staubstra\u00dfen, spannende Aufstiege und aufregende Abfahrten erwarten Sie.<\/p>\n<p style=\"text-align: center;\">Dolomiti Brenta Bike organisiert Mountainbike-Touren, die Routen mit verschiedenen Schwierigkeitsgraden und den Gep\u00e4cktransport sowie integrierte Mobilit\u00e4t (Bike-Taxi, Bike-Shuttle) beinhalten, damit Sie problemlos die Umgebung erkunden k\u00f6nnen.<\/p>\n<p>[\/vc_column_text][\/vc_column][\/vc_row]<\/p>\n","protected":false},"excerpt":{"rendered":"<p>[vc_row][vc_column][vc_column_text] WILLKOMMEN IN DEN DOLOMITEN: EIN PARADIES F\u00dcR RADSPORTLER! STEIGEN SIE IN DIE PEDALE IHRES MOUNTAINBIKES UND FOLGEN SIE DEN ROUTEN Das Vital Hotel Flora ist das perfekte Ziel f\u00fcr Ihren Radsporturlaub im Trentino. Jeden Tag k\u00f6nnen Sie eine andere Strecke nehmen und bei jeder Fahrt die umliegende Landschaft genie\u00dfen. Von der T\u00fcr unseres Hotels<\/p>\n","protected":false},"author":1,"featured_media":702,"parent":0,"menu_order":0,"comment_status":"closed","ping_status":"closed","template":"","meta":[],"acf":[],"_links":{"self":[{"href":"https:\/\/hotelfloracomano.it\/de\/wp-json\/wp\/v2\/pages\/757"}],"collection":[{"href":"https:\/\/hotelfloracomano.it\/de\/wp-json\/wp\/v2\/pages"}],"about":[{"href":"https:\/\/hotelfloracomano.it\/de\/wp-json\/wp\/v2\/types\/page"}],"author":[{"embeddable":true,"href":"https:\/\/hotelfloracomano.it\/de\/wp-json\/wp\/v2\/users\/1"}],"replies":[{"embeddable":true,"href":"https:\/\/hotelfloracomano.it\/de\/wp-json\/wp\/v2\/comments?post=757"}],"version-history":[{"count":2,"href":"https:\/\/hotelfloracomano.it\/de\/wp-json\/wp\/v2\/pages\/757\/revisions"}],"predecessor-version":[{"id":759,"href":"https:\/\/hotelfloracomano.it\/de\/wp-json\/wp\/v2\/pages\/757\/revisions\/759"}],"wp:featuredmedia":[{"embeddable":true,"href":"https:\/\/hotelfloracomano.it\/de\/wp-json\/wp\/v2\/media\/702"}],"wp:attachment":[{"href":"https:\/\/hotelfloracomano.it\/de\/wp-json\/wp\/v2\/media?parent=757"}],"curies":[{"name":"wp","href":"https:\/\/api.w.org\/{rel}","templated":true}]}}