{"id":763,"date":"2018-03-16T14:25:33","date_gmt":"2018-03-16T13:25:33","guid":{"rendered":"https:\/\/www.hotelfloracomano.it\/fishing\/"},"modified":"2018-04-26T16:28:35","modified_gmt":"2018-04-26T14:28:35","slug":"angeln","status":"publish","type":"page","link":"https:\/\/hotelfloracomano.it\/de\/angeln\/","title":{"rendered":"ANGELN"},"content":{"rendered":"<p>[vc_row][vc_column][vc_column_text]<\/p>\n<h2>ANGELFREUNDE W\u00c4HLEN DEN FLUSS SARCA, UM IM TRENTINO IHRER LEIDENSCHAFT NACHZUGEHEN<\/h2>\n<p style=\"text-align: center;\">Comano Terme liegt im Herzen des Parks des Flusses Sarca, der seinen Lauf im Gardasee beendet, und selbstverst\u00e4ndlich spielt er in diesem Park die unbestrittene Hauptrolle.<\/p>\n<p style=\"text-align: center;\">In seinen Gew\u00e4ssern leben verschiedene Fischarten wie die Marmorataforelle und der Seesaibling, f\u00fcr die die leidenschaftlichen Angler verschiedene Techniken aus\u00fcben k\u00f6nnen.<\/p>\n<p style=\"text-align: center;\">Weiter unten finden Sie ein System, mit dem Sie Genehmigungen und andere Dienstleistungen im Zusammenhang mit der Welt des Angelns im Trentino erwerben und buchen k\u00f6nnen.<\/p>\n<p>[\/vc_column_text][vc_media_grid element_width=&#8220;3&#8243; gap=&#8220;0&#8243; item=&#8220;mediaGrid_ScaleInWithIcon&#8220; grid_id=&#8220;vc_gid:1524473573761-0e74d5b0-6aca-0&#8243; include=&#8220;480,481,482,483&#8243; css=&#8220;.vc_custom_1521587843796{margin-top: 40px !important;}&#8220;][\/vc_column][\/vc_row]<\/p>\n","protected":false},"excerpt":{"rendered":"<p>[vc_row][vc_column][vc_column_text] ANGELFREUNDE W\u00c4HLEN DEN FLUSS SARCA, UM IM TRENTINO IHRER LEIDENSCHAFT NACHZUGEHEN Comano Terme liegt im Herzen des Parks des Flusses Sarca, der seinen Lauf im Gardasee beendet, und selbstverst\u00e4ndlich spielt er in diesem Park die unbestrittene Hauptrolle. In seinen Gew\u00e4ssern leben verschiedene Fischarten wie die Marmorataforelle und der Seesaibling, f\u00fcr die die leidenschaftlichen Angler<\/p>\n","protected":false},"author":1,"featured_media":707,"parent":0,"menu_order":0,"comment_status":"closed","ping_status":"closed","template":"","meta":[],"acf":[],"_links":{"self":[{"href":"https:\/\/hotelfloracomano.it\/de\/wp-json\/wp\/v2\/pages\/763"}],"collection":[{"href":"https:\/\/hotelfloracomano.it\/de\/wp-json\/wp\/v2\/pages"}],"about":[{"href":"https:\/\/hotelfloracomano.it\/de\/wp-json\/wp\/v2\/types\/page"}],"author":[{"embeddable":true,"href":"https:\/\/hotelfloracomano.it\/de\/wp-json\/wp\/v2\/users\/1"}],"replies":[{"embeddable":true,"href":"https:\/\/hotelfloracomano.it\/de\/wp-json\/wp\/v2\/comments?post=763"}],"version-history":[{"count":2,"href":"https:\/\/hotelfloracomano.it\/de\/wp-json\/wp\/v2\/pages\/763\/revisions"}],"predecessor-version":[{"id":765,"href":"https:\/\/hotelfloracomano.it\/de\/wp-json\/wp\/v2\/pages\/763\/revisions\/765"}],"wp:featuredmedia":[{"embeddable":true,"href":"https:\/\/hotelfloracomano.it\/de\/wp-json\/wp\/v2\/media\/707"}],"wp:attachment":[{"href":"https:\/\/hotelfloracomano.it\/de\/wp-json\/wp\/v2\/media?parent=763"}],"curies":[{"name":"wp","href":"https:\/\/api.w.org\/{rel}","templated":true}]}}