{"id":766,"date":"2018-03-16T14:29:25","date_gmt":"2018-03-16T13:29:25","guid":{"rendered":"https:\/\/www.hotelfloracomano.it\/yoga\/"},"modified":"2018-04-23T11:12:31","modified_gmt":"2018-04-23T09:12:31","slug":"yoga","status":"publish","type":"page","link":"https:\/\/hotelfloracomano.it\/de\/yoga\/","title":{"rendered":"Yoga"},"content":{"rendered":"<p>[vc_row][vc_column][vc_column_text]<\/p>\n<h2>EINE AKTIVIT\u00c4T, DIE IMMER WIEDER AUFS NEUE VERBL\u00dcFFT. WELLNESS-RITUALE, DIE DEN TAG AUFWERTEN UND DEN AUFFENTHALT BEREICHERN<\/h2>\n<p style=\"text-align: center;\">Um K\u00f6rper und Geist zu regenerieren und ein inneres Gleichgewicht zu finden, m\u00fcssen Sie ganz in die Welt der Stille und Kontemplation eintauchen.<\/p>\n<p style=\"text-align: center;\">Erlernen Sie die Techniken der Harmonie und Stabilit\u00e4t w\u00e4hrend der Yogastunden, die von den Meistern vor Ort unterrichtet werden.<\/p>\n<p style=\"text-align: center;\">Kosten Sie das Wunder und die Stille aus, die die Natur in Comano Terme bietet. Geben Sie im Urlaub nicht Ihre guten Absichten auf und lassen Sie sich auf einem Vital-Weg f\u00fchren, der Ihr Wohlbefinden in den Mittelpunkt stellt.<\/p>\n<p>[\/vc_column_text][\/vc_column][\/vc_row]<\/p>\n","protected":false},"excerpt":{"rendered":"<p>[vc_row][vc_column][vc_column_text] EINE AKTIVIT\u00c4T, DIE IMMER WIEDER AUFS NEUE VERBL\u00dcFFT. WELLNESS-RITUALE, DIE DEN TAG AUFWERTEN UND DEN AUFFENTHALT BEREICHERN Um K\u00f6rper und Geist zu regenerieren und ein inneres Gleichgewicht zu finden, m\u00fcssen Sie ganz in die Welt der Stille und Kontemplation eintauchen. Erlernen Sie die Techniken der Harmonie und Stabilit\u00e4t w\u00e4hrend der Yogastunden, die von den<\/p>\n","protected":false},"author":1,"featured_media":721,"parent":0,"menu_order":0,"comment_status":"closed","ping_status":"closed","template":"","meta":[],"acf":[],"_links":{"self":[{"href":"https:\/\/hotelfloracomano.it\/de\/wp-json\/wp\/v2\/pages\/766"}],"collection":[{"href":"https:\/\/hotelfloracomano.it\/de\/wp-json\/wp\/v2\/pages"}],"about":[{"href":"https:\/\/hotelfloracomano.it\/de\/wp-json\/wp\/v2\/types\/page"}],"author":[{"embeddable":true,"href":"https:\/\/hotelfloracomano.it\/de\/wp-json\/wp\/v2\/users\/1"}],"replies":[{"embeddable":true,"href":"https:\/\/hotelfloracomano.it\/de\/wp-json\/wp\/v2\/comments?post=766"}],"version-history":[{"count":2,"href":"https:\/\/hotelfloracomano.it\/de\/wp-json\/wp\/v2\/pages\/766\/revisions"}],"predecessor-version":[{"id":768,"href":"https:\/\/hotelfloracomano.it\/de\/wp-json\/wp\/v2\/pages\/766\/revisions\/768"}],"wp:featuredmedia":[{"embeddable":true,"href":"https:\/\/hotelfloracomano.it\/de\/wp-json\/wp\/v2\/media\/721"}],"wp:attachment":[{"href":"https:\/\/hotelfloracomano.it\/de\/wp-json\/wp\/v2\/media?parent=766"}],"curies":[{"name":"wp","href":"https:\/\/api.w.org\/{rel}","templated":true}]}}