{"id":769,"date":"2018-03-16T14:56:00","date_gmt":"2018-03-16T13:56:00","guid":{"rendered":"https:\/\/www.hotelfloracomano.it\/altri-sport\/"},"modified":"2018-04-26T16:29:38","modified_gmt":"2018-04-26T14:29:38","slug":"andere-sportarten","status":"publish","type":"page","link":"https:\/\/hotelfloracomano.it\/de\/andere-sportarten\/","title":{"rendered":"ANDERE SPORTARTEN"},"content":{"rendered":"<p>[vc_row][vc_column][vc_column_text]<\/p>\n<h2>ZAHLREICHE AKTIVIT\u00c4TEN IM SOMMER UND WINTER IM VALLE SALUS: VOM KLETTERN BIS ZUM SCHNEESCHUHWANDERN<\/h2>\n<p style=\"text-align: center;\">Das Vital Hotel Flora befindet sich im Tal der Gesundheit, wie schon der Name sagt. Hier k\u00f6nnen Sie sich sportlich bet\u00e4tigen und Aktivit\u00e4ten im Freien unternehmen, w\u00e4hrend Sie die inspirierenden Landschaften genie\u00dfen, die wahrhaftige Orte des Wohlbefindens sind.<\/p>\n<p style=\"text-align: center;\">Man denke nur an die Wintersportarten wie Skifahren, Schlittschuhlaufen und Schneeschuhwandern, die in der kalten Jahreszeit im nahegelegenen Skigebiet Bolbeno und in den Brentner Dolomiten ausge\u00fcbt werden k\u00f6nnen.<\/p>\n<p style=\"text-align: center;\">Fahrradwege, der Golf Club Rendena, Reiten und die 11 nat\u00fcrlichen Felsw\u00e4nde mit verschiedenen Schwierigkeitsgraden sind nur einige der Alternativen, die den G\u00e4sten zur Verf\u00fcgung stehen, wenn in der warmen Jahreszeit die Sonne scheint.<\/p>\n<p style=\"text-align: center;\">Comano Terme ist das ideale Reiseziel f\u00fcr Klettersportler.<\/p>\n<p>[\/vc_column_text][\/vc_column][\/vc_row]<\/p>\n","protected":false},"excerpt":{"rendered":"<p>[vc_row][vc_column][vc_column_text] ZAHLREICHE AKTIVIT\u00c4TEN IM SOMMER UND WINTER IM VALLE SALUS: VOM KLETTERN BIS ZUM SCHNEESCHUHWANDERN Das Vital Hotel Flora befindet sich im Tal der Gesundheit, wie schon der Name sagt. Hier k\u00f6nnen Sie sich sportlich bet\u00e4tigen und Aktivit\u00e4ten im Freien unternehmen, w\u00e4hrend Sie die inspirierenden Landschaften genie\u00dfen, die wahrhaftige Orte des Wohlbefindens sind. Man denke<\/p>\n","protected":false},"author":1,"featured_media":700,"parent":0,"menu_order":0,"comment_status":"closed","ping_status":"closed","template":"","meta":[],"acf":[],"_links":{"self":[{"href":"https:\/\/hotelfloracomano.it\/de\/wp-json\/wp\/v2\/pages\/769"}],"collection":[{"href":"https:\/\/hotelfloracomano.it\/de\/wp-json\/wp\/v2\/pages"}],"about":[{"href":"https:\/\/hotelfloracomano.it\/de\/wp-json\/wp\/v2\/types\/page"}],"author":[{"embeddable":true,"href":"https:\/\/hotelfloracomano.it\/de\/wp-json\/wp\/v2\/users\/1"}],"replies":[{"embeddable":true,"href":"https:\/\/hotelfloracomano.it\/de\/wp-json\/wp\/v2\/comments?post=769"}],"version-history":[{"count":1,"href":"https:\/\/hotelfloracomano.it\/de\/wp-json\/wp\/v2\/pages\/769\/revisions"}],"predecessor-version":[{"id":770,"href":"https:\/\/hotelfloracomano.it\/de\/wp-json\/wp\/v2\/pages\/769\/revisions\/770"}],"wp:featuredmedia":[{"embeddable":true,"href":"https:\/\/hotelfloracomano.it\/de\/wp-json\/wp\/v2\/media\/700"}],"wp:attachment":[{"href":"https:\/\/hotelfloracomano.it\/de\/wp-json\/wp\/v2\/media?parent=769"}],"curies":[{"name":"wp","href":"https:\/\/api.w.org\/{rel}","templated":true}]}}