{"id":776,"date":"2018-03-16T15:34:04","date_gmt":"2018-03-16T14:34:04","guid":{"rendered":"https:\/\/www.hotelfloracomano.it\/arte-e-cultura\/"},"modified":"2018-04-23T11:36:47","modified_gmt":"2018-04-23T09:36:47","slug":"kunst-und-kultur","status":"publish","type":"page","link":"https:\/\/hotelfloracomano.it\/de\/kunst-und-kultur\/","title":{"rendered":"KUNST UND KULTUR"},"content":{"rendered":"<p>[vc_row][vc_column][vc_column_text]<\/p>\n<h2>EIN WUNDERBARER STREIFZUG DURCH DIE KUNSTST\u00c4TTEN UND ZEUGEN DER KULTUR DER UMGEBUNG<\/h2>\n<p style=\"text-align: center;\">Die Schl\u00f6sser haben eine ganz besonderen Faszination und ziehen daher die Aufmerksamkeit von Jung und Alt auf sich.<\/p>\n<p style=\"text-align: center;\">Wir m\u00f6chten Sie auf den Wegen geleiten, die Sie zu den Schl\u00f6ssern des Trentino f\u00fchren, die Sie dank der Trentino Guest Card kostenlos besichtigen k\u00f6nnen.<\/p>\n<p style=\"text-align: center;\">Vom Castel Stenico, das vom Hotel zu Fu\u00df erreicht werden kann, zum Castel Thun und bis hin zum Castello del Buonconsiglio und Castel Beseno k\u00f6nnen Sie erstaunliche Gegebenheiten besichtigen und mehr \u00fcber die Geschichte des Ortes erfahren.<\/p>\n<p style=\"text-align: center;\">Aber hier gibt es mehr als nur die M\u00f6glichkeit, w\u00e4hrend des Urlaubs Kultur in vollen Z\u00fcgen zu genie\u00dfen.<\/p>\n<p style=\"text-align: center;\">Mit der lokalen G\u00e4stekarte haben Sie freien Zugang zu den thematischen Museen der Region, wie dem MART in Rovereto, dem wissenschaftlichen Museum MUSE in Trient, dem Luftfahrtmuseum in Trient und vielen anderen.<\/p>\n<p>[\/vc_column_text][vc_media_grid gap=&#8220;0&#8243; item=&#8220;mediaGrid_ScaleInWithIcon&#8220; grid_id=&#8220;vc_gid:1524475464416-eb2e91fb-7903-6&#8243; include=&#8220;550,551,552,553,554,557,558,559,560&#8243; css=&#8220;.vc_custom_1522935916565{margin-top: 30px !important;}&#8220;][\/vc_column][\/vc_row]<\/p>\n","protected":false},"excerpt":{"rendered":"<p>[vc_row][vc_column][vc_column_text] EIN WUNDERBARER STREIFZUG DURCH DIE KUNSTST\u00c4TTEN UND ZEUGEN DER KULTUR DER UMGEBUNG Die Schl\u00f6sser haben eine ganz besonderen Faszination und ziehen daher die Aufmerksamkeit von Jung und Alt auf sich. Wir m\u00f6chten Sie auf den Wegen geleiten, die Sie zu den Schl\u00f6ssern des Trentino f\u00fchren, die Sie dank der Trentino Guest Card kostenlos besichtigen<\/p>\n","protected":false},"author":1,"featured_media":701,"parent":0,"menu_order":0,"comment_status":"closed","ping_status":"closed","template":"","meta":[],"acf":[],"_links":{"self":[{"href":"https:\/\/hotelfloracomano.it\/de\/wp-json\/wp\/v2\/pages\/776"}],"collection":[{"href":"https:\/\/hotelfloracomano.it\/de\/wp-json\/wp\/v2\/pages"}],"about":[{"href":"https:\/\/hotelfloracomano.it\/de\/wp-json\/wp\/v2\/types\/page"}],"author":[{"embeddable":true,"href":"https:\/\/hotelfloracomano.it\/de\/wp-json\/wp\/v2\/users\/1"}],"replies":[{"embeddable":true,"href":"https:\/\/hotelfloracomano.it\/de\/wp-json\/wp\/v2\/comments?post=776"}],"version-history":[{"count":1,"href":"https:\/\/hotelfloracomano.it\/de\/wp-json\/wp\/v2\/pages\/776\/revisions"}],"predecessor-version":[{"id":777,"href":"https:\/\/hotelfloracomano.it\/de\/wp-json\/wp\/v2\/pages\/776\/revisions\/777"}],"wp:featuredmedia":[{"embeddable":true,"href":"https:\/\/hotelfloracomano.it\/de\/wp-json\/wp\/v2\/media\/701"}],"wp:attachment":[{"href":"https:\/\/hotelfloracomano.it\/de\/wp-json\/wp\/v2\/media?parent=776"}],"curies":[{"name":"wp","href":"https:\/\/api.w.org\/{rel}","templated":true}]}}