{"id":781,"date":"2018-03-14T12:58:47","date_gmt":"2018-03-14T11:58:47","guid":{"rendered":"https:\/\/www.hotelfloracomano.it\/condizioni-generali\/"},"modified":"2021-01-09T02:00:39","modified_gmt":"2021-01-09T01:00:39","slug":"allgemeine-geschaeftsbedingungen","status":"publish","type":"page","link":"https:\/\/hotelfloracomano.it\/de\/allgemeine-geschaeftsbedingungen\/","title":{"rendered":"ALLGEMEINE GESCH\u00c4FTSBEDINGUNGEN"},"content":{"rendered":"<p>[vc_row css=&#8220;.vc_custom_1521028747478{margin-top: 50px !important;}&#8220;][vc_column][vc_column_text el_class=&#8220;sinistra&#8220;]<\/p>\n<h3 class=\"vhf-titolo-pagine\">CHECK-IN \/ CHECK-OUT<\/h3>\n<p class=\"sinistra\">Unsere Zimmer und Suiten sind ab 14 Uhr verf\u00fcgbar und m\u00fcssen bis 10 Uhr ger\u00e4umt sein. Sp\u00e4teres Auschecken ist auf Anfrage und gegen Bezahlung m\u00f6glich.<\/p>\n<p>Wenn Sie andere Zeiten zum Einchecken ben\u00f6tigen, bitten wir Sie, uns im Voraus zu informieren, damit wir Ihren W\u00fcnschen entgegen kommen k\u00f6nnen.<\/p>\n<h3 class=\"vhf-titolo-pagine\">HAUSTIERE<\/h3>\n<p>Hunde (max 15 Kg) sind willkommen. Die Kosten betragen pauschal 35,00 \u20ac (ohne Futter) f\u00fcr den gesamten Aufenthalt. Dieser Betrag ist aufgrund der gr\u00fcndlichen Reinigung und Desinfektion des Zimmers erforderlich.<\/p>\n<p>Bitte beachten Sie, dass Hunde in gemeinschaftlichen Bereichen an der Leine gef\u00fchrt werden m\u00fcssen und zum Restaurant, zur Bar, zum Spa und zum Bereich des Schwimmbeckens keinen Zutritt haben.<\/p>\n<h3 class=\"vhf-titolo-pagine\">KURTAXE<\/h3>\n<p class=\"sinistra\">Die auf der Website ver\u00f6ffentlichten Preise beinhalten nicht die Kurtaxe von 1,80 \u20ac pro Person und Tag. Kinder unter 14 Jahren und \u00dcbernachtungen ab der zehnten Nacht sind ausgenommen.<\/p>\n<h3 class=\"vhf-titolo-pagine\">STORNIERUNGSBEDINGUNGEN:<\/h3>\n<ul class=\"vhf-viola\">\n<li>Die Reservierung kann bis <strong>10 Tage vor Anreise kostenlos<\/strong> storniert werden.<\/li>\n<li>Von<strong> 9 bis 5 Tage vor der Anreise wird 30%<\/strong> der volle Betrag des Aufenthalts berechnet.<\/li>\n<li>Von\u00a0<strong>4 Tage bis 1 Tag vor der Anreise\u00a0wird 70%<\/strong> der volle Betrag des Aufenthalts berechnet.<\/li>\n<li>Bei Nichterscheinen, vorzeitiger Abreise oder sp\u00e4terer Anreise wird der volle Betrag des Aufenthalts berechnet.<\/li>\n<li>Die gebuchte und nicht konsumierte Mahlzeiten werden nicht zur\u00fcckerstattet.<\/li>\n<\/ul>\n<h3 class=\"vhf-titolo-pagine\">RESERVIERUNGSBEST\u00c4TIGUNG<\/h3>\n<p>Um Ihre Reservierung zu best\u00e4tigen, ben\u00f6tigen wir eine Anzahlung von 30 % des Gesamtbetrages Ihres Aufenthaltes per Kreditkarte oder Bank\u00fcberweisung auf die folgende Bankverbindung zu Gunsten von <strong>Euroquattro Srl \u2013 Vital Hotel Flora<\/strong>:<br \/>\nIBAN: <strong>IT 58 M 08016 73881 000040402563<\/strong><br \/>\nSWIFT\/ BIC: CCRTIT2T04A<br \/>\nCassa Rurale Alto Garda \u2013 Filiale di Comano Terme<\/p>\n<h3 class=\"vhf-titolo-pagine\">ZAHLUNGSMETHODEN<\/h3>\n<p class=\"sinistra\">F\u00fcr das Begleichen des Restbetrags Ihres Aufenthalts akzeptieren wir nur die folgenden Zahlungsarten:<\/p>\n<ul class=\"vhf-rosa\">\n<li>Bargeld bis \u20ac 1999,99<\/li>\n<li>Debitkarte Maestro<\/li>\n<li>Kreditkarten (Visa, MasterCard, American Express)<\/li>\n<\/ul>\n<p>[\/vc_column_text][\/vc_column][\/vc_row]<\/p>\n","protected":false},"excerpt":{"rendered":"<p>[vc_row css=&#8220;.vc_custom_1521028747478{margin-top: 50px !important;}&#8220;][vc_column][vc_column_text el_class=&#8220;sinistra&#8220;] CHECK-IN \/ CHECK-OUT Unsere Zimmer und Suiten sind ab 14 Uhr verf\u00fcgbar und m\u00fcssen bis 10 Uhr ger\u00e4umt sein. Sp\u00e4teres Auschecken ist auf Anfrage und gegen Bezahlung m\u00f6glich. Wenn Sie andere Zeiten zum Einchecken ben\u00f6tigen, bitten wir Sie, uns im Voraus zu informieren, damit wir Ihren W\u00fcnschen entgegen kommen k\u00f6nnen.<\/p>\n","protected":false},"author":2,"featured_media":2265,"parent":0,"menu_order":0,"comment_status":"closed","ping_status":"closed","template":"","meta":[],"acf":[],"_links":{"self":[{"href":"https:\/\/hotelfloracomano.it\/de\/wp-json\/wp\/v2\/pages\/781"}],"collection":[{"href":"https:\/\/hotelfloracomano.it\/de\/wp-json\/wp\/v2\/pages"}],"about":[{"href":"https:\/\/hotelfloracomano.it\/de\/wp-json\/wp\/v2\/types\/page"}],"author":[{"embeddable":true,"href":"https:\/\/hotelfloracomano.it\/de\/wp-json\/wp\/v2\/users\/2"}],"replies":[{"embeddable":true,"href":"https:\/\/hotelfloracomano.it\/de\/wp-json\/wp\/v2\/comments?post=781"}],"version-history":[{"count":9,"href":"https:\/\/hotelfloracomano.it\/de\/wp-json\/wp\/v2\/pages\/781\/revisions"}],"predecessor-version":[{"id":1668,"href":"https:\/\/hotelfloracomano.it\/de\/wp-json\/wp\/v2\/pages\/781\/revisions\/1668"}],"wp:featuredmedia":[{"embeddable":true,"href":"https:\/\/hotelfloracomano.it\/de\/wp-json\/wp\/v2\/media\/2265"}],"wp:attachment":[{"href":"https:\/\/hotelfloracomano.it\/de\/wp-json\/wp\/v2\/media?parent=781"}],"curies":[{"name":"wp","href":"https:\/\/api.w.org\/{rel}","templated":true}]}}